{"id":1468,"date":"2012-02-01T08:09:30","date_gmt":"2012-02-01T07:09:30","guid":{"rendered":"http:\/\/revue.autoformation.chez.com\/?page_id=957"},"modified":"2012-02-01T08:09:30","modified_gmt":"2012-02-01T07:09:30","slug":"2-etre-acteur-de-lautoformation","status":"publish","type":"page","link":"https:\/\/cis-h.fr\/AGRAF\/2-etre-acteur-de-lautoformation\/","title":{"rendered":"Analyser les pratiques"},"content":{"rendered":"<p><strong>Nous sommes tous des acteurs de l&rsquo;autoformation<\/strong> dans notre recherche personnelle y compris quand nous agissons en tant que chercheur.<\/p>\n<p>Th\u00e8mes dont l&rsquo;objet \u00e0 une proximit\u00e9 avec l&rsquo;autoformation<\/p>\n<ul>\n<li><a href=\"http:\/\/lllearning.free-h.net\/A-GRAF\/recherche\/af_tice.htm\" target=\"_blank\" rel=\"noopener\">autoformation et formation \u00e0 distance, elearning<\/a><\/li>\n<li><a href=\"http:\/\/lllearning.free-h.net\/A-GRAF\/documents\/livres\/livres46.htm\" target=\"_blank\" rel=\"noopener\">autoformation et centres de ressources, learning center<\/a><\/li>\n<li><a href=\"http:\/\/lllearning.free-h.net\/A-GRAF\/Textes\/Carre_M_H.pdf\" target=\"_blank\" rel=\"noopener\">autoformation en entreprises<\/a><\/li>\n<li><a href=\"http:\/\/lllearning.free-h.net\/A-GRAF\/documents\/livres\/livres45.htm\" target=\"_blank\" rel=\"noopener\">autoformation \u00e0 l&rsquo;universit\u00e9<\/a><\/li>\n<li><a href=\"http:\/\/lllearning.free-h.net\/A-GRAF\/documents\/livres\/livres3.htm#liv8\" target=\"_blank\" rel=\"noopener\">autoformation \u00e0 l&rsquo;\u00e9cole<\/a><\/li>\n<li><a href=\"http:\/\/lllearning.free-h.net\/A-GRAF\/Textes\/informelRFP158_117-160.pdf\">autoformation et apprentissages de la vie quotidienne<\/a><\/li>\n<li><a href=\"http:\/\/cma-lifelonglearning.org\/frenchbis\/pdf\/H Bezille INFORMEL ET AUTOFORMATIONLIVRECOL.pdf\" target=\"_blank\" rel=\"noopener\">autoformation et les apprentissages tout au long de la vie<\/a><\/li>\n<li><a href=\"http:\/\/www.lllearning.free-h.net\/A-GRAF\/recherche\/af_mondialoguante.htm\" target=\"_blank\" rel=\"noopener\">autoformation mondialoguante<\/a><\/li>\n<li><a href=\"http:\/\/lllearning.free-h.net\/GRAF\/?p=1665\">autoformation et spiritualit\u00e9<\/a><\/li>\n<\/ul>\n","protected":false},"excerpt":{"rendered":"<p>Nous sommes tous des acteurs de l&rsquo;autoformation dans notre recherche personnelle y compris quand nous agissons en tant que chercheur.<\/p>\n<p>Th\u00e8mes dont l&rsquo;objet \u00e0 une proximit\u00e9 avec l&rsquo;autoformation<\/p>\n<p> autoformation et formation \u00e0 distance, elearning autoformation et centres de ressources, learning center autoformation en entreprises autoformation \u00e0 l&rsquo;universit\u00e9 autoformation \u00e0 l&rsquo;\u00e9cole autoformation et apprentissages de la [&#8230;]<\/p>\n","protected":false},"author":2,"featured_media":0,"parent":0,"menu_order":3,"comment_status":"open","ping_status":"open","template":"","meta":{"footnotes":""},"class_list":["post-1468","page","type-page","status-publish","hentry","odd"],"_links":{"self":[{"href":"https:\/\/cis-h.fr\/AGRAF\/wp-json\/wp\/v2\/pages\/1468","targetHints":{"allow":["GET"]}}],"collection":[{"href":"https:\/\/cis-h.fr\/AGRAF\/wp-json\/wp\/v2\/pages"}],"about":[{"href":"https:\/\/cis-h.fr\/AGRAF\/wp-json\/wp\/v2\/types\/page"}],"author":[{"embeddable":true,"href":"https:\/\/cis-h.fr\/AGRAF\/wp-json\/wp\/v2\/users\/2"}],"replies":[{"embeddable":true,"href":"https:\/\/cis-h.fr\/AGRAF\/wp-json\/wp\/v2\/comments?post=1468"}],"version-history":[{"count":0,"href":"https:\/\/cis-h.fr\/AGRAF\/wp-json\/wp\/v2\/pages\/1468\/revisions"}],"wp:attachment":[{"href":"https:\/\/cis-h.fr\/AGRAF\/wp-json\/wp\/v2\/media?parent=1468"}],"curies":[{"name":"wp","href":"https:\/\/api.w.org\/{rel}","templated":true}]}}