{"id":1487,"date":"2012-06-02T06:28:51","date_gmt":"2012-06-02T05:28:51","guid":{"rendered":"http:\/\/revue.autoformation.chez.com\/?page_id=1224"},"modified":"2012-06-02T06:28:51","modified_gmt":"2012-06-02T05:28:51","slug":"bibiographie","status":"publish","type":"page","link":"https:\/\/cis-h.fr\/AGRAF\/bibiographie\/","title":{"rendered":"La Bibliographie"},"content":{"rendered":"<ul>\n<li><a href=\"?page_id=1498\">Publications GRAF li\u00e9es aux colloques et symposiums<\/a><\/li>\n<li> <a href=\"?page_id=1506\">Publications des membres du GRAF et d&rsquo;auteurs ext\u00e9rieurs<\/a><\/li>\n<li> <a href=\"http:\/\/revue.autoformation.chez.com\/wp-admin\/post.php?page_id=1512\">Publications de base sur la formation en g\u00e9n\u00e9ral<\/a><\/li>\n<li> <a href=\"http:\/\/revue.autoformation.chez.com\/?page_id=1515\">Bibliographie de Joffre Dumazedier (S. Cornu)<\/a><\/li>\n<\/ul>\n<ul>\n<li> <a href=\"http:\/\/lllearning.free-h.net\/A-GRAF\/documents\/biblio\/theses.htm\">M\u00e9moires et th\u00e8ses concernant l&rsquo;autoformation<\/a><\/li>\n<li><a href=\"?page_id=1512\"> <\/a><a href=\"http:\/\/lllearning.free-h.net\/A-GRAF\/documents\/biblio\/bibli_autoformation.htm\">Bibliographie de l&rsquo;autoformation, class\u00e9e par auteur<\/a><\/li>\n<li> <a href=\"http:\/\/lllearning.free-h.net\/A-GRAF\/documents\/biblio\/BIBLIOGRAPHIE_GL.htm\">Compl\u00e9ment bibliographique <\/a> aux actes du 5e Colloque europ\u00e9en (Barcelone)<\/li>\n<\/ul>\n<p><!--[if gte mso 9]><xml> <w:WordDocument> <w:View>Normal<\/w:View> <w:Zoom>0<\/w:Zoom> <w:HyphenationZone>21<\/w:HyphenationZone> <w:DoNotOptimizeForBrowser \/> <\/w:WordDocument> <\/xml><![endif]--><\/p>\n<h4>Index d&rsquo;une s\u00e9lection d&rsquo;auteurs ayant produit des \u00e9crits en rapport avec la notion d&rsquo;autoformation<\/h4>\n<p style=\"margin: 0cm 0cm 0.0001pt;\">(<span style=\"color: #ff6600;\">L<\/span><span style=\"color: #ff6600;\"><span style=\"color: #ff6600;\">e<\/span> nom ds auteurs Graf est pr\u00e9c\u00e9d\u00e9 d&rsquo;un ast\u00e9risques, le nom des autres auteurs\u00a0 est en majuscule<\/span>)<strong><br \/>\n<\/strong><\/p>\n<p style=\"padding-left: 30px;\"><span style=\"color: #ffff00;\"><a href=\"http:\/\/lllearning.free-h.net\/A-GRAF\/Textes\/agrafistes\/alava_s_.htm\" target=\"_blank\" rel=\"noopener\">*Alava S\u00e9raphin<\/a><\/span><br \/>\n<a href=\"http:\/\/cread.bretagne.iufm.fr\/spip.php?article339\" target=\"_blank\" rel=\"noopener\">ALBERO Brigitte<\/a><\/p>\n<p style=\"padding-left: 30px;\"><a href=\"http:\/\/fr.wikipedia.org\/wiki\/Albert_Bandura\" target=\"_blank\" rel=\"noopener\">BANDURA Albert<\/a><br \/>\n<a href=\"http:\/\/fr.wikipedia.org\/wiki\/Ren%C3%A9_Barbier_%28chercheur%29\" target=\"_blank\" rel=\"noopener\">BARBIER Ren\u00e9<\/a><br \/>\n<a href=\"http:\/\/lllearning.free-h.net\/A-GRAF\/Textes\/agrafistes\/barbot_marie-jo.htm\" target=\"_blank\" rel=\"noopener\">*Barbot Marie-Jo<\/a><br \/>\n<a href=\"http:\/\/lllearning.free-h.net\/A-GRAF\/Textes\/agrafistes\/bertrand_e.htm\" target=\"_blank\" rel=\"noopener\">*Bertrand Eric<\/a><br \/>\n<a href=\"http:\/\/lllearning.free-h.net\/A-GRAF\/Textes\/agrafistes\/bezille-h.htm\" target=\"_blank\" rel=\"noopener\">*Bezille H\u00e9l\u00e8ne<\/a><br \/>\n<a href=\"http:\/\/lllearning.free-h.net\/A-GRAF\/Textes\/agrafistes\/blandin_b.htm\" target=\"_blank\" rel=\"noopener\">*Blandin Bernard<\/a><br \/>\n<a href=\"http:\/\/lllearning.free-h.net\/A-GRAF\/Textes\/agrafistes\/bonvalot_g_.htm\" target=\"_blank\" rel=\"noopener\">BONVALOTt Guy<\/a><br \/>\n<a href=\"http:\/\/lllearning.free-h.net\/A-GRAF\/Textes\/agrafistes\/bremaud_l.htm\" target=\"_blank\" rel=\"noopener\">*Br\u00e9maud Lo\u00efc<\/a><\/p>\n<p style=\"padding-left: 30px;\"><a href=\"http:\/\/lllearning.free-h.net\/A-GRAF\/Textes\/agrafistes\/carre_m-h_.htm\" target=\"_blank\" rel=\"noopener\">*Carr\u00e9 Marie-H\u00e9l\u00e8ne<\/a><br \/>\n<a href=\"http:\/\/lllearning.free-h.net\/A-GRAF\/Textes\/agrafistes\/carre_ph_.htm\" target=\"_blank\" rel=\"noopener\">*Carr\u00e9 Philippe<\/a><br \/>\n<a href=\"http:\/\/lllearning.free-h.net\/A-GRAF\/Textes\/agrafistes\/clenet_c.htm\" target=\"_blank\" rel=\"noopener\">*Clenet Cathy<\/a><br \/>\n<a href=\"http:\/\/lllearning.free-h.net\/A-GRAF\/Textes\/agrafistes\/courtois_b.htm\" target=\"_blank\" rel=\"noopener\">*Courtois Bernadette<\/a><\/p>\n<p style=\"padding-left: 30px;\"><a href=\"http:\/\/lllearning.free-h.net\/A-GRAF\/Textes\/agrafistes\/debon_c.htm\" target=\"_blank\" rel=\"noopener\">*Debon Claude<\/a><br \/>\n<a href=\"http:\/\/lllearning.free-h.net\/A-GRAF\/Textes\/agrafistes\/denoyel_n.htm\" target=\"_blank\" rel=\"noopener\">*Denoyel No\u00ebl<\/a><br \/>\n<a href=\"http:\/\/fr.wikipedia.org\/wiki\/John_Dewey\">DEWEY John<\/a><br \/>\n<a href=\"http:\/\/www.editions-harmattan.fr\/index.asp?navig=auteurs&amp;obj=artiste&amp;no=3636\" target=\"_blank\" rel=\"noopener\">DOMINICE Pierre<\/a><br \/>\n<a href=\"http:\/\/fr.wikipedia.org\/wiki\/Joffre_Dumazedier\" target=\"_blank\" rel=\"noopener\">DUMAZEDIER Joffre<\/a><\/p>\n<p style=\"padding-left: 30px;\"><a href=\"http:\/\/www.centre-inffo.fr\/forum-mondial\/spip.php?article131\" target=\"_blank\" rel=\"noopener\">FAURE Edgar<\/a><br \/>\n<a href=\"http:\/\/www.unige.ch\/fapse\/life\/livres\/alpha\/F\/Foucher_2000_A.html\" target=\"_blank\" rel=\"noopener\">FOUCHER Roland<\/a><\/p>\n<p style=\"padding-left: 30px;\"><a href=\"http:\/\/lllearning.free-h.net\/A-GRAF\/Textes\/agrafistes\/galvani_p.htm\" target=\"_blank\" rel=\"noopener\">*Galvani Pascal<\/a><br \/>\n<a href=\"http:\/\/lllearning.free-h.net\/A-GRAF\/Textes\/agrafistes\/garcia_r-e.htm\" target=\"_blank\" rel=\"noopener\">*Garcia Rosa-Elena<\/a><br \/>\n<a href=\"http:\/\/lllearning.free-h.net\/A-GRAF\/Textes\/agrafistes\/gigand_g.htm\" target=\"_blank\" rel=\"noopener\">*Gigand G\u00e9rard<\/a><br \/>\n<a href=\"http:\/\/lllearning.free-h.net\/A-GRAF\/Textes\/agrafistes\/glikman_viviane.htm\" target=\"_blank\" rel=\"noopener\">*Glikman Viviane<\/a><\/p>\n<p style=\"padding-left: 30px;\"><a href=\"http:\/\/lllearning.free-h.net\/A-GRAF\/Textes\/agrafistes\/jezegou_a.htm\" target=\"_blank\" rel=\"noopener\">*J\u00e9z\u00e9gou Annie<\/a><\/p>\n<p style=\"padding-left: 30px;\"><a href=\"http:\/\/fr.wikipedia.org\/wiki\/Malcolm_Knowles\" target=\"_blank\" rel=\"noopener\">KNOWLES Malcom<\/a><br \/>\n<a href=\"http:\/\/www.erudium.polymtl.ca\/html-fra\/education\/education4b.php\" target=\"_blank\" rel=\"noopener\">KOLB David<\/a><\/p>\n<p style=\"padding-left: 30px;\"><a href=\"http:\/\/lllearning.free-h.net\/A-GRAF\/Textes\/agrafistes\/lameul_g.htm\" target=\"_blank\" rel=\"noopener\">*Lameul Genevi\u00e8ve<\/a><br \/>\n<a href=\"http:\/\/lllearning.free-h.net\/A-GRAF\/Textes\/agrafistes\/landry_p.htm\" target=\"_blank\" rel=\"noopener\">*Landry Pierre<\/a><br \/>\n<a href=\"http:\/\/lllearning.free-h.net\/A-GRAF\/Textes\/agrafistes\/leblanc_s.htm\" target=\"_blank\" rel=\"noopener\">*Leblanc Serge<\/a><br \/>\n<a href=\"http:\/\/lllearning.free-h.net\/A-GRAF\/Textes\/agrafistes\/le_grand_j-l_.htm\" target=\"_blank\" rel=\"noopener\">*Le Grand Jean-Louis<\/a><br \/>\n<a href=\"http:\/\/lllearning.free-h.net\/A-GRAF\/Textes\/agrafistes\/le_meur_g.htm\" target=\"_blank\" rel=\"noopener\">*Le Meur Georges<\/a><br \/>\n<a href=\"http:\/\/lllearning.free-h.net\/A-GRAF\/Textes\/agrafistes\/leguy_p.htm\" target=\"_blank\" rel=\"noopener\">*Leguy Patrice<\/a><br \/>\n<a href=\"http:\/\/www.editions-harmattan.fr\/index.asp?navig=auteurs&amp;obj=artiste&amp;no=3316\" target=\"_blank\" rel=\"noopener\">LERBET Georges<\/a><br \/>\n<a href=\"http:\/\/lllearning.free-h.net\/A-GRAF\/Textes\/agrafistes\/lesourd_f.htm\" target=\"_blank\" rel=\"noopener\">*Lesourd Francis<\/a><br \/>\n<a href=\"http:\/\/www.decitre.fr\/livres\/tenir-conseil-9782842760625.html\" target=\"_blank\" rel=\"noopener\">LOTHELLIER Alexandre<\/a><\/p>\n<p style=\"padding-left: 30px;\"><a href=\"http:\/\/lllearning.free-h.net\/A-GRAF\/Textes\/agrafistes\/melyani_m.htm\" target=\"_blank\" rel=\"noopener\">*Melyani Mohammed<\/a><br \/>\n<a href=\"http:\/\/en.wikipedia.org\/wiki\/Transformative_learninghttp:\/\/\" target=\"_blank\" rel=\"noopener\">MEZIROW Jack<\/a><br \/>\n<a href=\"http:\/\/lllearning.free-h.net\/A-GRAF\/Textes\/agrafistes\/mlekuz_g.htm\" target=\"_blank\" rel=\"noopener\">*Mlekuz G\u00e9rard<\/a><br \/>\n<a href=\"http:\/\/lllearning.free-h.net\/A-GRAF\/Textes\/agrafistes\/moisan_a.htm\" target=\"_blank\" rel=\"noopener\">*Moisan Andr\u00e9<\/a><br \/>\n<a href=\"http:\/\/lllearning.free-h.net\/A-GRAF\/Textes\/agrafistes\/montuori_c_.htm\" target=\"_blank\" rel=\"noopener\">*Montuori Christine<\/a><br \/>\n<a href=\"http:\/\/lllearning.free-h.net\/A-GRAF\/Textes\/agrafistes\/moulin_y.htm\" target=\"_blank\" rel=\"noopener\">*Moulin Yvette<\/a><\/p>\n<p style=\"padding-left: 30px;\"><a href=\"http:\/\/www.editions-harmattan.fr\/index.asp?navig=auteurs&amp;obj=artiste&amp;no=3972\" target=\"_blank\" rel=\"noopener\">*Pain Abraham<\/a><br \/>\n<a href=\"http:\/\/lllearning.free-h.net\/A-GRAF\/Textes\/agrafistes\/paquelin_d.htm\" target=\"_blank\" rel=\"noopener\">*Paquelin Didier<\/a><br \/>\n<a href=\"http:\/\/lllearning.free-h.net\/A-GRAF\/Textes\/agrafistes\/paul_p.htm\" target=\"_blank\" rel=\"noopener\">*Paul Patrick<\/a><br \/>\n<a href=\"http:\/\/lllearning.free-h.net\/A-GRAF\/Textes\/agrafistes\/pineau_g.htm\" target=\"_blank\" rel=\"noopener\">*Pineau Gaston<\/a><br \/>\n<a href=\"http:\/\/lllearning.free-h.net\/A-GRAF\/Textes\/agrafistes\/pinot_b.htm\" target=\"_blank\" rel=\"noopener\">*Pinot B\u00e9n\u00e9dicte<\/a><br \/>\n<a href=\"http:\/\/lllearning.free-h.net\/A-GRAF\/Textes\/agrafistes\/prevost_h.htm\" target=\"_blank\" rel=\"noopener\">*Pr\u00e9vost Herv\u00e9<\/a><\/p>\n<p style=\"padding-left: 30px;\"><a href=\"http:\/\/fr.wikipedia.org\/wiki\/Paul_Ric%C5%93ur\" target=\"_blank\" rel=\"noopener\">RICOEUR Paul<\/a><br \/>\n<a href=\"http:\/\/fr.wikipedia.org\/wiki\/Carl_Rogers\" target=\"_blank\" rel=\"noopener\">ROGERS Carl<\/a><\/p>\n<p style=\"padding-left: 30px;\"><a href=\"http:\/\/fr.wikipedia.org\/wiki\/Donald_Sch%C3%B6n\" target=\"_blank\" rel=\"noopener\">SCH\u00d6N Donald<\/a><br \/>\n<a href=\"http:\/\/lllearning.free-h.net\/A-GRAF\/Textes\/agrafistes\/safourcade_s_.htm\" target=\"_blank\" rel=\"noopener\">*Safourcade Sandra<\/a><br \/>\n<a href=\"http:\/\/fr.wikipedia.org\/wiki\/Bertrand_Schwartz\" target=\"_blank\" rel=\"noopener\">SCHWARTZ Bertrand<\/a><br \/>\n<a href=\"http:\/\/www.cedefop.europa.eu\/etv\/Upload\/Information_resources\/Bookshop\/127\/12_fr_straka.pdf\" target=\"_blank\" rel=\"noopener\">STRAKA Gerald A.<\/a><\/p>\n<p style=\"padding-left: 30px;\"><a href=\"http:\/\/www.pierretap.com\/\" target=\"_blank\" rel=\"noopener\">TAP Pierre<br \/>\n<\/a> <a href=\"http:\/\/en.wikipedia.org\/wiki\/Allen_Tough\" target=\"_blank\" rel=\"noopener\">TOUGH Allen<\/a><br \/>\n<a href=\"http:\/\/www.decitre.fr\/livres\/l-autoformation-pour-apprendre-autrement-9782760618398.html\" target=\"_blank\" rel=\"noopener\">TREMBLAY Nicole<\/a><br \/>\n<a href=\"http:\/\/lllearning.free-h.net\/A-GRAF\/Textes\/agrafistes\/trollat_a-f.htm\" target=\"_blank\" rel=\"noopener\">*Trollat Anne-Fran\u00e7oise<\/a><\/p>\n<p style=\"padding-left: 30px;\"><a href=\"http:\/\/lllearning.free-h.net\/A-GRAF\/Textes\/agrafistes\/verrier_c.htm\" target=\"_blank\" rel=\"noopener\">*Verrier Christian<\/a><\/p>\n<p style=\"padding-left: 30px;\"><a href=\"http:\/\/en.wikipedia.org\/wiki\/Barry_Zimmerman\" target=\"_blank\" rel=\"noopener\">ZIMMERMAN Barry<\/a><\/p>\n<p style=\"padding-left: 30px;\"><span style=\"font-size: 12pt; font-family: &amp;amp;amp;\"> <\/span><\/p>\n<div id=\"_mcePaste\" style=\"position: absolute; left: -10000px; top: 54px; width: 1px; height: 1px; overflow: hidden;\">\n<p><!--[if gte mso 9]><xml> <w:WordDocument> <w:View>Normal<\/w:View> <w:Zoom>0<\/w:Zoom> <w:HyphenationZone>21<\/w:HyphenationZone> <w:DoNotOptimizeForBrowser \/> <\/w:WordDocument> <\/xml><![endif]--><\/p>\n<p style=\"margin: 0cm; margin-bottom: .0001pt;\"><strong>I. Auteurs<\/strong><\/p>\n<p style=\"margin: 0cm; margin-bottom: .0001pt;\"><a href=\"http:\/\/lllearning.free-h.net\/A-GRAF\/Textes\/agrafistes\/alava_s_.htm\"><span style=\"mso-ansi-language: DE;\" lang=\"DE\">Alava\u00a0S.<\/span><\/a><\/p>\n<p style=\"margin: 0cm; margin-bottom: .0001pt;\"><a href=\"http:\/\/cread.bretagne.iufm.fr\/spip.php?article339\" target=\"_blank\" rel=\"noopener\"><span style=\"mso-ansi-language: DE;\" lang=\"DE\">ALBERO Brigitte<\/span><\/a><\/p>\n<p style=\"margin: 0cm; margin-bottom: .0001pt;\"><a href=\"http:\/\/fr.wikipedia.org\/wiki\/Albert_Bandura\" target=\"_blank\" rel=\"noopener\">BANDURA Albert<\/a><\/p>\n<p style=\"margin: 0cm; margin-bottom: .0001pt;\"><a href=\"http:\/\/fr.wikipedia.org\/wiki\/Ren%C3%A9_Barbier_%28chercheur%29\" target=\"_blank\" rel=\"noopener\">BARBIER Ren\u00e9<\/a><br \/>\n<a href=\"http:\/\/lllearning.free-h.net\/A-GRAF\/Textes\/agrafistes\/barbot_marie-jo.htm\">Barbot\u00a0Marie-Jo<\/a><br \/>\n<a href=\"http:\/\/lllearning.free-h.net\/A-GRAF\/Textes\/agrafistes\/bertrand_e.htm\">Bertrand\u00a0Eric<\/a><br \/>\n<a href=\"http:\/\/lllearning.free-h.net\/A-GRAF\/Textes\/agrafistes\/bezille-h.htm\">Bezille\u00a0H<\/a><br \/>\n<a href=\"http:\/\/lllearning.free-h.net\/A-GRAF\/Textes\/agrafistes\/blandin_b.htm\">Blandin\u00a0B<\/a><br \/>\n<a href=\"http:\/\/lllearning.free-h.net\/A-GRAF\/Textes\/agrafistes\/bonvalot_g_.htm\">Bonvalot\u00a0G.<\/a><br \/>\n<a href=\"http:\/\/lllearning.free-h.net\/A-GRAF\/Textes\/agrafistes\/bremaud_l.htm\">Br\u00e9maud\u00a0L.<\/a><br \/>\n<a href=\"http:\/\/lllearning.free-h.net\/A-GRAF\/Textes\/agrafistes\/carre_m-h_.htm\">Carr\u00e9\u00a0M-H.<\/a><br \/>\n<a href=\"http:\/\/lllearning.free-h.net\/A-GRAF\/Textes\/agrafistes\/carre_ph_.htm\">Carr\u00e9\u00a0Ph.<\/a><br \/>\n<a href=\"http:\/\/lllearning.free-h.net\/A-GRAF\/Textes\/agrafistes\/clenet_c.htm\">Clenet\u00a0C.<\/a><br \/>\n<a href=\"http:\/\/lllearning.free-h.net\/A-GRAF\/Textes\/agrafistes\/courtois_b.htm\">Courtois\u00a0B<\/a><br \/>\n<a href=\"http:\/\/lllearning.free-h.net\/A-GRAF\/Textes\/agrafistes\/debon_c.htm\">Debon\u00a0C.<\/a><br \/>\n<a href=\"http:\/\/lllearning.free-h.net\/A-GRAF\/Textes\/agrafistes\/denoyel_n.htm\"><span style=\"mso-ansi-language: EN-GB;\" lang=\"EN-GB\">Denoyel\u00a0N.<\/span><\/a><\/p>\n<p style=\"margin: 0cm; margin-bottom: .0001pt;\"><a href=\"http:\/\/fr.wikipedia.org\/wiki\/John_Dewey\" target=\"_blank\" rel=\"noopener\"><span style=\"mso-ansi-language: EN-GB;\" lang=\"EN-GB\">DEWEY John<\/span><\/a><\/p>\n<p style=\"margin: 0cm; margin-bottom: .0001pt;\"><a href=\"http:\/\/fr.wikipedia.org\/wiki\/Joffre_Dumazedier\" target=\"_blank\" rel=\"noopener\">DUMAZEDIER Joffre<\/a><\/p>\n<p style=\"margin: 0cm; margin-bottom: .0001pt;\"><a href=\"http:\/\/www.centre-inffo.fr\/forum-mondial\/spip.php?article131\" target=\"_blank\" rel=\"noopener\">FAURE Edgar<\/a><\/p>\n<p style=\"margin: 0cm; margin-bottom: .0001pt;\"><a href=\"http:\/\/www.unige.ch\/fapse\/life\/livres\/alpha\/F\/Foucher_2000_A.html\" target=\"_blank\" rel=\"noopener\"><span style=\"mso-ansi-language: DE;\" lang=\"DE\">FOUCHER Roland<\/span><\/a><span style=\"mso-ansi-language: DE;\" lang=\"DE\"><br \/>\n<\/span><a href=\"http:\/\/lllearning.free-h.net\/A-GRAF\/Textes\/agrafistes\/galvani_p.htm\"><span style=\"mso-ansi-language: DE;\" lang=\"DE\">Galvani\u00a0P<\/span><\/a><span style=\"mso-ansi-language: DE;\" lang=\"DE\"><br \/>\n<\/span><a href=\"http:\/\/lllearning.free-h.net\/A-GRAF\/Textes\/agrafistes\/garcia_r-e.htm\"><span style=\"mso-ansi-language: DE;\" lang=\"DE\">Garcia\u00a0R-E<\/span><\/a><span style=\"mso-ansi-language: DE;\" lang=\"DE\"><br \/>\n<\/span><a href=\"http:\/\/lllearning.free-h.net\/A-GRAF\/Textes\/agrafistes\/gigand_g.htm\"><span style=\"mso-ansi-language: DE;\" lang=\"DE\">Gigand\u00a0G.<\/span><\/a><span style=\"mso-ansi-language: DE;\" lang=\"DE\"><br \/>\n<\/span><a href=\"http:\/\/lllearning.free-h.net\/A-GRAF\/Textes\/agrafistes\/glikman_viviane.htm\"><span style=\"mso-ansi-language: EN-GB;\" lang=\"EN-GB\">Glikman\u00a0Viviane<\/span><\/a><span style=\"mso-ansi-language: EN-GB;\" lang=\"EN-GB\"><br \/>\n<\/span><a href=\"http:\/\/lllearning.free-h.net\/A-GRAF\/Textes\/agrafistes\/jezegou_a.htm\"><span style=\"mso-ansi-language: EN-GB;\" lang=\"EN-GB\">J\u00e9z\u00e9gou\u00a0A<\/span><\/a><\/p>\n<p style=\"margin: 0cm; margin-bottom: .0001pt;\"><a href=\"http:\/\/fr.wikipedia.org\/wiki\/Malcolm_Knowles\" target=\"_blank\" rel=\"noopener\"><span style=\"mso-ansi-language: EN-GB;\" lang=\"EN-GB\">KNOWLES Malcom<\/span><\/a><\/p>\n<p style=\"margin: 0cm; margin-bottom: .0001pt;\"><a href=\"http:\/\/www.erudium.polymtl.ca\/html-fra\/education\/education4b.php\" target=\"_blank\" rel=\"noopener\"><span style=\"mso-ansi-language: DE;\" lang=\"DE\">KOLB David<\/span><\/a><span style=\"mso-ansi-language: DE;\" lang=\"DE\"><br \/>\n<\/span><a href=\"http:\/\/lllearning.free-h.net\/A-GRAF\/Textes\/agrafistes\/lameul_g.htm\"><span style=\"mso-ansi-language: DE;\" lang=\"DE\">Lameul\u00a0G<\/span><\/a><span style=\"mso-ansi-language: DE;\" lang=\"DE\"><br \/>\n<\/span><a href=\"http:\/\/lllearning.free-h.net\/A-GRAF\/Textes\/agrafistes\/landry_p.htm\"><span style=\"mso-ansi-language: DE;\" lang=\"DE\">Landry\u00a0P.<\/span><\/a><span style=\"mso-ansi-language: DE;\" lang=\"DE\"><br \/>\n<\/span><a href=\"http:\/\/lllearning.free-h.net\/A-GRAF\/Textes\/agrafistes\/leblanc_s.htm\">Leblanc\u00a0S<\/a><\/p>\n<p style=\"margin: 0cm; margin-bottom: .0001pt;\"><a href=\"http:\/\/lllearning.free-h.net\/A-GRAF\/Textes\/agrafistes\/le_grand_j-l_.htm\">Le\u00a0Grand\u00a0J-L.<\/a><br \/>\n<a href=\"http:\/\/lllearning.free-h.net\/A-GRAF\/Textes\/agrafistes\/le_meur_g.htm\">Le\u00a0Meur\u00a0G.<\/a><br \/>\n<a href=\"http:\/\/lllearning.free-h.net\/A-GRAF\/Textes\/agrafistes\/leguy_p.htm\">Leguy\u00a0P<\/a><\/p>\n<p style=\"margin: 0cm; margin-bottom: .0001pt;\"><a href=\"http:\/\/www.editions-harmattan.fr\/index.asp?navig=auteurs&amp;obj=artiste&amp;no=3316\" target=\"_blank\" rel=\"noopener\">LERBET Georges<\/a><br \/>\n<a href=\"http:\/\/lllearning.free-h.net\/A-GRAF\/Textes\/agrafistes\/lesourd_f.htm\">Lesourd\u00a0F<\/a><\/p>\n<p style=\"margin: 0cm; margin-bottom: .0001pt;\"><a href=\"http:\/\/www.decitre.fr\/livres\/tenir-conseil-9782842760625.html\" target=\"_blank\" rel=\"noopener\">LOTHELLIER Alexandre<\/a><br \/>\n<a href=\"http:\/\/lllearning.free-h.net\/A-GRAF\/Textes\/agrafistes\/melyani_m.htm\">Melyani\u00a0M.<\/a><\/p>\n<p style=\"margin: 0cm; margin-bottom: .0001pt;\"><a href=\"http:\/\/en.wikipedia.org\/wiki\/Transformative_learninghttp:\/\/\" target=\"_blank\" rel=\"noopener\">MEZIROW Jack<\/a><br \/>\n<a href=\"http:\/\/lllearning.free-h.net\/A-GRAF\/Textes\/agrafistes\/mlekuz_g.htm\">Mlekuz\u00a0G<\/a><br \/>\n<a href=\"http:\/\/lllearning.free-h.net\/A-GRAF\/Textes\/agrafistes\/moisan_a.htm\">Moisan\u00a0A.<\/a><br \/>\n<a href=\"http:\/\/lllearning.free-h.net\/A-GRAF\/Textes\/agrafistes\/montuori_c_.htm\">Montuori\u00a0C.<\/a><br \/>\n<a href=\"http:\/\/lllearning.free-h.net\/A-GRAF\/Textes\/agrafistes\/moulin_y.htm\">Moulin\u00a0Y<\/a><\/p>\n<p style=\"margin: 0cm; margin-bottom: .0001pt;\"><a href=\"http:\/\/www.editions-harmattan.fr\/index.asp?navig=auteurs&amp;obj=artiste&amp;no=3972\" target=\"_blank\" rel=\"noopener\">Pain A.<\/a><br \/>\n<a href=\"http:\/\/lllearning.free-h.net\/A-GRAF\/Textes\/agrafistes\/paquelin_d.htm\">Paquelin\u00a0D.<\/a><br \/>\n<a href=\"http:\/\/lllearning.free-h.net\/A-GRAF\/Textes\/agrafistes\/paul_p.htm\">Paul\u00a0P<\/a><br \/>\n<a href=\"http:\/\/lllearning.free-h.net\/A-GRAF\/Textes\/agrafistes\/pineau_g.htm\">Pineau\u00a0G.<\/a><br \/>\n<a href=\"http:\/\/lllearning.free-h.net\/A-GRAF\/Textes\/agrafistes\/pinot_b.htm\"><span style=\"mso-ansi-language: EN-GB;\" lang=\"EN-GB\">Pinot\u00a0B<\/span><\/a><span style=\"mso-ansi-language: EN-GB;\" lang=\"EN-GB\"><br \/>\n<\/span><a href=\"http:\/\/lllearning.free-h.net\/A-GRAF\/Textes\/agrafistes\/prevost_h.htm\"><span style=\"mso-ansi-language: EN-GB;\" lang=\"EN-GB\">Prevost\u00a0H<\/span><\/a><\/p>\n<p style=\"margin: 0cm; margin-bottom: .0001pt;\"><a href=\"http:\/\/fr.wikipedia.org\/wiki\/Paul_Ric%C5%93ur\" target=\"_blank\" rel=\"noopener\">RICOEUR Paul<\/a><\/p>\n<p style=\"margin: 0cm; margin-bottom: .0001pt;\"><a href=\"http:\/\/fr.wikipedia.org\/wiki\/Carl_Rogers\" target=\"_blank\" rel=\"noopener\">ROGERS Carl<\/a><\/p>\n<p style=\"margin: 0cm; margin-bottom: .0001pt;\"><a href=\"http:\/\/fr.wikipedia.org\/wiki\/Donald_Sch%C3%B6n\" target=\"_blank\" rel=\"noopener\"><span style=\"mso-ansi-language: EN-GB;\" lang=\"EN-GB\">SCH\u00d6N Donald<\/span><\/a><span style=\"mso-ansi-language: EN-GB;\" lang=\"EN-GB\"><br \/>\n<\/span><a href=\"http:\/\/lllearning.free-h.net\/A-GRAF\/Textes\/agrafistes\/safourcade_s_.htm\"><span style=\"mso-ansi-language: EN-GB;\" lang=\"EN-GB\">Safourcade\u00a0S.<\/span><\/a><\/p>\n<p style=\"margin: 0cm; margin-bottom: .0001pt;\"><a href=\"http:\/\/fr.wikipedia.org\/wiki\/Bertrand_Schwartz\" target=\"_blank\" rel=\"noopener\"><span style=\"mso-ansi-language: DE;\" lang=\"DE\">SCHWARTZ Bertrand<\/span><\/a><span style=\"mso-ansi-language: DE;\" lang=\"DE\"><br \/>\n<\/span><a href=\"http:\/\/www.cedefop.europa.eu\/etv\/Upload\/Information_resources\/Bookshop\/127\/12_fr_straka.pdf\" target=\"_blank\" rel=\"noopener\"><span style=\"mso-ansi-language: DE;\" lang=\"DE\">STRAKA G. A.<\/span><\/a><\/p>\n<p style=\"margin: 0cm; margin-bottom: .0001pt;\"><a href=\"http:\/\/www.pierretap.com\/\" target=\"_blank\" rel=\"noopener\"><span style=\"mso-ansi-language: NL;\" lang=\"NL\">TAP Pierre<\/span><\/a><\/p>\n<p style=\"margin: 0cm; margin-bottom: .0001pt;\"><a href=\"http:\/\/en.wikipedia.org\/wiki\/Allen_Tough\" target=\"_blank\" rel=\"noopener\"><span style=\"mso-ansi-language: NL;\" lang=\"NL\">TOUGH Allen<\/span><\/a><\/p>\n<p style=\"margin: 0cm; margin-bottom: .0001pt;\"><a href=\"http:\/\/www.decitre.fr\/livres\/l-autoformation-pour-apprendre-autrement-9782760618398.html\" target=\"_blank\" rel=\"noopener\">TREMBLAY Nicole<\/a><br \/>\n<a href=\"http:\/\/lllearning.free-h.net\/A-GRAF\/Textes\/agrafistes\/trollat_a-f.htm\">Trollat\u00a0A-F<\/a><br \/>\n<a href=\"http:\/\/lllearning.free-h.net\/A-GRAF\/Textes\/agrafistes\/verrier_c.htm\">Verrier\u00a0C.<\/a><\/p>\n<p style=\"margin: 0cm; margin-bottom: .0001pt;\"><a href=\"http:\/\/en.wikipedia.org\/wiki\/Barry_Zimmerman\" target=\"_blank\" rel=\"noopener\">ZIMMERMAN B.<\/a><\/p>\n<\/div>\n","protected":false},"excerpt":{"rendered":"<p> Publications GRAF li\u00e9es aux colloques et symposiums Publications des membres du GRAF et d&rsquo;auteurs ext\u00e9rieurs Publications de base sur la formation en g\u00e9n\u00e9ral Bibliographie de Joffre Dumazedier (S. Cornu) M\u00e9moires et th\u00e8ses concernant l&rsquo;autoformation Bibliographie de l&rsquo;autoformation, class\u00e9e par auteur Compl\u00e9ment bibliographique aux actes du 5e Colloque europ\u00e9en (Barcelone) <\/p>\n<p> Index d&rsquo;une s\u00e9lection d&rsquo;auteurs [&#8230;]<\/p>\n","protected":false},"author":2,"featured_media":0,"parent":0,"menu_order":6,"comment_status":"open","ping_status":"open","template":"","meta":{"footnotes":""},"class_list":["post-1487","page","type-page","status-publish","hentry","odd"],"_links":{"self":[{"href":"https:\/\/cis-h.fr\/AGRAF\/wp-json\/wp\/v2\/pages\/1487","targetHints":{"allow":["GET"]}}],"collection":[{"href":"https:\/\/cis-h.fr\/AGRAF\/wp-json\/wp\/v2\/pages"}],"about":[{"href":"https:\/\/cis-h.fr\/AGRAF\/wp-json\/wp\/v2\/types\/page"}],"author":[{"embeddable":true,"href":"https:\/\/cis-h.fr\/AGRAF\/wp-json\/wp\/v2\/users\/2"}],"replies":[{"embeddable":true,"href":"https:\/\/cis-h.fr\/AGRAF\/wp-json\/wp\/v2\/comments?post=1487"}],"version-history":[{"count":0,"href":"https:\/\/cis-h.fr\/AGRAF\/wp-json\/wp\/v2\/pages\/1487\/revisions"}],"wp:attachment":[{"href":"https:\/\/cis-h.fr\/AGRAF\/wp-json\/wp\/v2\/media?parent=1487"}],"curies":[{"name":"wp","href":"https:\/\/api.w.org\/{rel}","templated":true}]}}