{"id":1488,"date":"2012-06-02T09:54:53","date_gmt":"2012-06-02T08:54:53","guid":{"rendered":"http:\/\/revue.autoformation.chez.com\/?page_id=1251"},"modified":"2012-06-02T09:54:53","modified_gmt":"2012-06-02T08:54:53","slug":"le-graf-et-la-graf","status":"publish","type":"page","link":"https:\/\/cis-h.fr\/AGRAF\/le-graf-et-la-graf\/","title":{"rendered":"Le Graf et l&rsquo;A-Graf"},"content":{"rendered":"<ul>\n<li><a href=\"http:\/\/lllearning.free-h.net\/A-GRAF\/index.htm#un\" target=\"_blank\" rel=\"noopener\">historique du GRAF<\/a><\/li>\n<li>l<a href=\"http:\/\/lllearning.free-h.net\/A-GRAF\/index.htm#text2\" target=\"_blank\" rel=\"noopener\">es membres de l&rsquo;A-GRAF<\/a> et les <a href=\"http:\/\/lllearning.free-h.net\/A-GRAF\/statuts.htm\" target=\"_blank\" rel=\"noopener\">Statuts de l&rsquo;association<\/a><\/li>\n<li>voir page \u00ab\u00a0<a href=\"http:\/\/revue.autoformation.chez.com\/?page_id=1148\">Les rencontres du Graf<\/a>\u00ab\u00a0<\/li>\n<\/ul>\n<p>Le Graf, groupe de recherche sur l&rsquo;autoformation, est un groupe informel de chercheurs. L&rsquo;objectif de l&rsquo;A-Graf, association du Groupe de recherche sur l&rsquo;autoformation, est de faciliter les actions entreprises au nom du Graf. L&rsquo;association a \u00ab\u00a0pour but de contribuer au d\u00e9veloppement et \u00e0 la diffusion des recherches, pratiques et d\u00e9bats relatifs \u00e0 l\u2019autoformation.\u00a0\u00bb<\/p>\n<h3>Devenez acteur du d\u00e9veloppement de l&rsquo;autoformation :<br \/>\nadh\u00e9rez \u00e0 l&rsquo;association A-Graf :<\/h3>\n<ul>\n<li>Lire les<a href=\"http:\/\/lllearning.free-h.net\/A-GRAF\/statuts.htm\" target=\"_blank\" rel=\"noopener\"> statuts<\/a><\/li>\n<li>Envoyer une demande d&rsquo;adh\u00e9sion, en s&rsquo;engageant \u00e0 respecter les principes ci-dessous, \u00e0 Cathy Cl\u00e9net : <a href=\"mailto:catherine.clenet@club-internet.fr \">catherine.clenet@club-internet.fr<br \/>\n<\/a>&nbsp;<\/p>\n<ol>\n<li>Avoir produit des recherches sur l\u2019autoformation<\/li>\n<li>Vouloir faire progresser le paradigme de l\u2019autoformation<\/li>\n<li> Privil\u00e9gier l\u2019actoriel sur l\u2019institutionnel<\/li>\n<li> S\u2019engager \u00e0 participer aux \u00e9changes de l\u2019association<\/li>\n<li>Avoir un agir autonomisant pour soi et pour les autres<\/li>\n<\/ol>\n<\/li>\n<li>Apr\u00e8s accord du <em>Bureau de l&rsquo;association<\/em>, vous recevrez une confirmation.<\/li>\n<li>L&rsquo;adh\u00e9sion d\u00e9finitive sera acquise apr\u00e8s l&rsquo;envoi d&rsquo;un ch\u00e8que d&rsquo;un montant de 35 \u20ac\u00a0 au Tr\u00e9sorier de l&rsquo;association<\/li>\n<\/ul>\n","protected":false},"excerpt":{"rendered":"<p> historique du GRAF les membres de l&rsquo;A-GRAF et les Statuts de l&rsquo;association voir page \u00ab Les rencontres du Graf\u00ab <\/p>\n<p>Le Graf, groupe de recherche sur l&rsquo;autoformation, est un groupe informel de chercheurs. L&rsquo;objectif de l&rsquo;A-Graf, association du Groupe de recherche sur l&rsquo;autoformation, est de faciliter les actions entreprises au nom du Graf. L&rsquo;association a [&#8230;]<\/p>\n","protected":false},"author":2,"featured_media":0,"parent":0,"menu_order":7,"comment_status":"open","ping_status":"open","template":"","meta":{"footnotes":""},"class_list":["post-1488","page","type-page","status-publish","hentry","odd"],"_links":{"self":[{"href":"https:\/\/cis-h.fr\/AGRAF\/wp-json\/wp\/v2\/pages\/1488","targetHints":{"allow":["GET"]}}],"collection":[{"href":"https:\/\/cis-h.fr\/AGRAF\/wp-json\/wp\/v2\/pages"}],"about":[{"href":"https:\/\/cis-h.fr\/AGRAF\/wp-json\/wp\/v2\/types\/page"}],"author":[{"embeddable":true,"href":"https:\/\/cis-h.fr\/AGRAF\/wp-json\/wp\/v2\/users\/2"}],"replies":[{"embeddable":true,"href":"https:\/\/cis-h.fr\/AGRAF\/wp-json\/wp\/v2\/comments?post=1488"}],"version-history":[{"count":1,"href":"https:\/\/cis-h.fr\/AGRAF\/wp-json\/wp\/v2\/pages\/1488\/revisions"}],"predecessor-version":[{"id":2090,"href":"https:\/\/cis-h.fr\/AGRAF\/wp-json\/wp\/v2\/pages\/1488\/revisions\/2090"}],"wp:attachment":[{"href":"https:\/\/cis-h.fr\/AGRAF\/wp-json\/wp\/v2\/media?parent=1488"}],"curies":[{"name":"wp","href":"https:\/\/api.w.org\/{rel}","templated":true}]}}