{"id":1515,"date":"2012-12-21T16:24:03","date_gmt":"2012-12-21T15:24:03","guid":{"rendered":"http:\/\/revue.autoformation.chez.com\/?page_id=1515"},"modified":"2012-12-21T16:24:03","modified_gmt":"2012-12-21T15:24:03","slug":"bibliographie-de-j-dumazedier","status":"publish","type":"page","link":"https:\/\/cis-h.fr\/AGRAF\/bibiographie\/bibliographie-de-j-dumazedier\/","title":{"rendered":"Biblio J. Dumazedier"},"content":{"rendered":"<p><strong>SERIA   03 \u2011 23\u201124\/09\/03<br \/>\nBibliographie Joffre Durnazedier<br \/>\nr\u00e9alisation S. Cornu (<\/strong>ENESAD\/CNERTA<strong>)<\/strong><\/p>\n<p><strong> Ouvrages <\/strong>:<\/p>\n<p>DUMAZEDIER Joffre, RIPERT Aline, <em>Le loisir et la ville<\/em>,   Paris: Seuil, 1966, 397 p.<\/p>\n<p>DUMAZEDIER Joffre, <em>Vers une civilisation du loisir<\/em>,   Paris: Seuil, 1972, 269 p.<\/p>\n<p>DUMAZEDIER, Joffre, <em>Sociologie empirique du loisir:   critique et contre-critique de la civilisation du loisir<\/em>, Paris : Seuil,   1974, 269 p.<\/p>\n<p>DUMAZEDIER Joffre, CARISSE Colette, <em>Les femmes   innovatrices: probl\u00e8mes post-industriels d&rsquo;une Am\u00e9rique francophone, le Qu\u00e9bec<\/em>,   Paris: Seuil, 1975, 288 p.<\/p>\n<p>DUMAZEDIER Joffre, <em>R\u00e9volution culturelle du temps   libre 1968\u20111988<\/em>, Paris: M\u00e9ridiens Klincksieck, 1988, 308 p.<\/p>\n<p>DUMAZEDIER Joffre, <em>Pour une sociologie de   l&rsquo;autoformation permanente<\/em>, Lyon : Voies Livres, 1993, 28 p.<\/p>\n<p>PRONOVOTS Gilles, ATTIAS\u2011DONFUT Claudine, SAMUEL   Nicole (dir.), <em>Temps libre et modernit\u00e9 : m\u00e9langes en l&rsquo;honneur de Joffre   Dumazedier<\/em>, Qu\u00e9bec : Presses de l&rsquo;Universit\u00e9 du Qu\u00e9bec, Paris : L&rsquo;Harmattan,   1993, 420 p.<\/p>\n<p>MOISAN Andr\u00e9, CARRE Philippe, DUMAZEDIER Joffre, (et   al.), <em>L&rsquo;autoformation, fait social ? Aspects historiques et sociologiques<\/em>,   Paris : L&rsquo;Harmattan, 2002, 406 p.<\/p>\n<p>DUMAZEDIER Joffre, <em>Penser l&rsquo;autoformation : soci\u00e9t\u00e9   d&rsquo;aujourd&rsquo;hui et pratiques d&rsquo;autoformation<\/em>, Lyon: Chronique sociale, 2002,   172 p.<\/p>\n<p>TREMBLAY Nicole Anne, pr\u00e9face de Joffre DUMAZEDIER, <em>L\u2019autoformation   pour apprendre autrement<\/em>, Montr\u00e9al, PUM, 2003<\/p>\n<p>DUMAZEDIER Joffre,\u00a0 <em>Nos lettres     tissent un chemin<\/em>, Paris: L&rsquo;Harmattan, 2007,<br \/>\ncollection \u00ab\u00a0histoires de vie et formation\u00a0\u00bb.     Oeuvre posthume mise en forme par Marie-Odile de Gisors<\/p>\n<p><strong>Articles lors de   Colloques \u2011 S\u00e9minaires <\/strong>:<\/p>\n<p>DUMAZEDIER Joffre, <strong>A   propos du Colloque \u00c9cole et Temps<\/strong><strong>,   octobre 1991<\/strong>,<em>Temps<\/em><strong><em> <\/em><\/strong><em>sociaux et r\u00e9forme de l&rsquo;\u00e9ducation scolaire?<\/em> , Temporalistes,   n\u00b018, p. 20\u201123<\/p>\n<p>DUMAZEDIER Joffre, <strong>2<sup>e<\/sup> Rencontres mondiales sur l&rsquo;AF, Paris, 2000, <\/strong><em>Autoformation : pourquoi   aujourd&rsquo;hui ?, in: L&rsquo;autoformation, fait social ?<\/em>, 2002, p.47<\/p>\n<p>DUMAZEDIER Joffre, Le Meur   Georges, <strong>Universit\u00e9 ouverte,   formation virtuelle et apprentissage, 5<sup>e<\/sup> Colloque europ\u00e9en sur   l&rsquo;Autoformation, Barcelone, 1999, <\/strong><em>L&rsquo;appropriation de la formation par   le sujet apprenant<\/em>, Paris L&rsquo;Harmattan, 2002, p.289<\/p>\n<p><strong>Articles   de Revues \u2011 P\u00e9riodiques <\/strong><\/p>\n<p>DUMAZEDIER Joffre, GISORS H\u00e9l\u00e8ne   de, \u00c9ducation permanente et autoformation par le livre, <em>\u00c9ducation   permanente, <\/em>n\u00b020, 1973, pp. 15\u201152<\/p>\n<p>DUMAZEDIER Joffre, Vers une   socio-p\u00e9dagogie de l&rsquo;autoformation, <em>Les   amis de S\u00e8vres, <\/em>vol.97, n\u00b0l, 1980, pp. 5\u201124<\/p>\n<p>DUMAZEDIER Joffre, Formation   permanente et autoformation, <em>\u00c9ducation   permanente, <\/em>n\u00b078\/79, 1985, pp. 9\u201124<\/p>\n<p>DUMAZEDIER Joffre, Pratiques   sociales d&rsquo;autoformation et temps libre aujourd&rsquo;hui<em>,   Loisir et soci\u00e9t\u00e9 <\/em>(Canada), vol.\u00a09, n\u00b02, 1986, pp. 337\u2011348<\/p>\n<p>DUMAZEDIER Joffre, Un \u00e9chec   scolaire cach\u00e9 : les pratiques culturelles du temps libre de la majorit\u00e9 des   anciens \u00e9l\u00e8ves et \u00e9tudiants, <em>Revue   fran\u00e7aise de p\u00e9dagogie, <\/em>3, 1986<\/p>\n<p>DUMAZEDIER Joffre, DESROCHE   H., SCHWARTZ B., CHARLOT B., L&rsquo;\u00e9ducation permanente vingt ans apr\u00e8s : 20\u00e8me   anniversaire, <em>\u00c9ducation permanente, <\/em>n\u00b098,   1989, 185 p.<\/p>\n<p>DUMAZEDIER Joffre, LESELBAUM   Nelly, \u00c9mergence d&rsquo;un nouveau secteur des sciences de l&rsquo;\u00e9ducation: la   sociologie de l&rsquo;autoformation, <em>Revue   fran\u00e7aise de p\u00e9dagogie, <\/em>n\u00b0102, 1993, pp. 5\u201116<\/p>\n<p>DUMAZEDIER Joffre, Aides \u00e0   l&rsquo;autoformation : un fait social d&rsquo;aujourd&rsquo;hui, <em>\u00c9ducation   permanente, <\/em>n\u00b0122, 1995, pp. 243\u2011256<\/p>\n<p>DUMAZEDIER Joffre, L&rsquo;\u00e9ducation   permanente, \u00e0 l&rsquo;\u00e9cole et ailleurs, <em>\u00c9ducations, <\/em>n\u00b02, 1995, pp. 3033<\/p>\n<p>DUMAZEDIER Joffre, PORTELLI   P., HENRI F., [et al.], M\u00e9diations \u00e9ducatives et aides \u00e0 l&rsquo;autoformation, <em>Sciences   de l\u2019\u00c9ducation pour l\u2019\u00c8re nouvelle, <\/em>n\u00b0l \u20112, 1996, pp.   5\u201139<\/p>\n<p>DUMAZEDIER Joffre,   Autoformation et m\u00e9diation \u00e9ducative, <em>Pratiques   d&rsquo;autoformation et d&rsquo;aide \u00e0 l&rsquo;autoformation <\/em>, n\u00b032\u201133, mai 1996,   p. 29<\/p>\n<p>DUMAZEDIER Joffre, Offre et demande de formation: le   grand d\u00e9s\u00e9quilibre, <em>\u00c9ducations, <\/em>n\u00b012,   1997, pp. 7\u201115<\/p>\n<p>DUMAZEDIER Joffre, M\u00e9diation \u00e9ducative et autoformation   individuelle ou collective, <em>\u00c9tudes   dirig\u00e9es &amp; aides \u00e0 l\u2019autoformation, 1998, <\/em>p. 11<\/p>\n<p>DUMAZEDIER Joffre, Apprentissage scolaire \u00e0   l&rsquo;autoformation permanente, <em>Cahiers P\u00e9dagogiques, <\/em>n\u00b0370, 1999, pp. 10\u2011 11<\/p>\n<p>DUMAZEDIER Joffre, GISORS H\u00e9l\u00e8ne de, Questionnement   documentaire et probl\u00e9matique: notre fonction p\u00e9dagogique dans le cadre des   TPE, <em>Inter CDI, <\/em>n\u00b0170, 2001,   pp.7\u201111<\/p>\n<p>Hommage \u00e0 Joffre DUMAZEDIER, Un fervent d\u00e9fenseur d&rsquo;une   culture sportive humaniste, <em>Revue <\/em>EP.S,   n\u00b0301, mai\u2011juin 2003, pp. 9\u201120.<\/p>\n<p><strong>Vid\u00e9os \u2011   DVD <\/strong>:<\/p>\n<p>Images de la formation   ouverte et \u00e0 distance, Universit\u00e9 Nancy2 \u2011 Videoscop, 2001 (DVD\u2011ROM<\/p>\n<p>Joffre Dumazedier : itin\u00e9raire   d&rsquo;un humaniste, Peuple et Culture, (Vid\u00e9o)<\/p>\n<p><strong>Articles   disponibles en ligne <\/strong>:<\/p>\n<p>Biographie   de Joffre DUMAZEDIER:<br \/>\n<a href=\"http:\/\/www.fc.univ-nantes.fr\/PAGES\/autoformation\/auteurs\/dumazedier.htm\">http:\/\/www.fc.univ-nantes.fr\/PAGES\/autoformation\/auteurs\/dumazedier.htm<\/a><br \/>\n\u00e0 Joffre DUMAZEDIER, le p\u00e8re de la civilisation du loisir \u2011 Article   publi\u00e9 le 27 Septembre 2002 par ERIC DONFU dans le journal <em>Le   Monde <\/em><a href=\"http:\/\/www.lemonde.fr\/article\/0,5987,3382--291935-VT,00.html\">http:\/\/www.lemonde.fr\/article\/0%2C5987%2C3382&#8211;291935-VT%2C00.html<\/a> <span style=\"text-decoration: underline;\"> <\/span><\/p>\n<p>Entretien   avec Joffre DUMAZEDIER r\u00e9alis\u00e9 au 1er   Colloque   europ\u00e9en sur l&rsquo;autoformation, Nantes 1994 <a href=\"http:\/\/site.app.tm.fr\/publications\/pdf\/dumazedier.pdf\">http:\/\/site.app.tm.fr\/publications\/pdf\/dumazedier.pdf<\/a><\/p>\n<p>Institut   National de la Jeunesse et de l&rsquo;\u00e9ducation populaire<br \/>\n<a href=\"http:\/\/www.injep.fr\/\">http:\/\/www.injep.fr\/<\/a> (mot cl\u00e9 de la   recherche\u00a0: Dumazedier)<\/p>\n<p>Accompagner l&rsquo;alternance des savoirs le programme de   recherche-formation-action Quart Monde Universit\u00e9 <a href=\"http:\/\/www.barbier-rd.nom.fr\/accompagnerlessavoirsgalva.htm\">http:\/\/www.barbier-rd.nom.fr\/accompagnerlessavoirsgalva.htm<\/a><span style=\"text-decoration: underline;\"> <\/span><\/p>\n<p>Temps sociaux et r\u00e9forme de l&rsquo;\u00e9ducation scolaire<br \/>\nJoffre DUMAZEDIER, Temporalistes, n\u00b0 18, A propos du Colloque \u00c9cole et   Temps, octobre 1991, pp. 20\u201123 <a href=\"http:\/\/temporalistes.socioroom.org\/spip.php?page=archive&amp;id_article=145\">http:\/\/temporalistes.socioroom.org\/spip.php?page=archive&amp;id_article=145<\/a><\/p>\n","protected":false},"excerpt":{"rendered":"<p>SERIA 03 \u2011 23\u201124\/09\/03 Bibliographie Joffre Durnazedier r\u00e9alisation S. Cornu (ENESAD\/CNERTA)<\/p>\n<p> Ouvrages :<\/p>\n<p>DUMAZEDIER Joffre, RIPERT Aline, Le loisir et la ville, Paris: Seuil, 1966, 397 p.<\/p>\n<p>DUMAZEDIER Joffre, Vers une civilisation du loisir, Paris: Seuil, 1972, 269 p.<\/p>\n<p>DUMAZEDIER, Joffre, Sociologie empirique du loisir: critique et contre-critique de la civilisation du loisir, Paris [&#8230;]<\/p>\n","protected":false},"author":2,"featured_media":0,"parent":1487,"menu_order":3,"comment_status":"open","ping_status":"open","template":"","meta":{"footnotes":""},"class_list":["post-1515","page","type-page","status-publish","hentry","odd"],"_links":{"self":[{"href":"https:\/\/cis-h.fr\/AGRAF\/wp-json\/wp\/v2\/pages\/1515","targetHints":{"allow":["GET"]}}],"collection":[{"href":"https:\/\/cis-h.fr\/AGRAF\/wp-json\/wp\/v2\/pages"}],"about":[{"href":"https:\/\/cis-h.fr\/AGRAF\/wp-json\/wp\/v2\/types\/page"}],"author":[{"embeddable":true,"href":"https:\/\/cis-h.fr\/AGRAF\/wp-json\/wp\/v2\/users\/2"}],"replies":[{"embeddable":true,"href":"https:\/\/cis-h.fr\/AGRAF\/wp-json\/wp\/v2\/comments?post=1515"}],"version-history":[{"count":0,"href":"https:\/\/cis-h.fr\/AGRAF\/wp-json\/wp\/v2\/pages\/1515\/revisions"}],"up":[{"embeddable":true,"href":"https:\/\/cis-h.fr\/AGRAF\/wp-json\/wp\/v2\/pages\/1487"}],"wp:attachment":[{"href":"https:\/\/cis-h.fr\/AGRAF\/wp-json\/wp\/v2\/media?parent=1515"}],"curies":[{"name":"wp","href":"https:\/\/api.w.org\/{rel}","templated":true}]}}