{"id":2,"date":"2024-01-01T10:52:07","date_gmt":"2024-01-01T09:52:07","guid":{"rendered":"https:\/\/cis-h.fr\/AGRAF\/?page_id=2"},"modified":"2024-01-08T18:22:06","modified_gmt":"2024-01-08T17:22:06","slug":"historique","status":"publish","type":"page","link":"https:\/\/cis-h.fr\/AGRAF\/historique\/","title":{"rendered":"Historique"},"content":{"rendered":"\n<div class=\"wp-block-file\"><a id=\"wp-block-file--media-f2264882-9655-41dc-a14d-4fa639d416c9\" href=\"https:\/\/cis-h.fr\/AGRAF\/wp-content\/uploads\/2024\/01\/GRAF-Productions-1992-1995.pdf\"><strong>GRAF-Productions-1992-1995<\/strong><\/a><a href=\"https:\/\/cis-h.fr\/AGRAF\/wp-content\/uploads\/2024\/01\/GRAF-Productions-1992-1995.pdf\" class=\"wp-block-file__button wp-element-button\" download aria-describedby=\"wp-block-file--media-f2264882-9655-41dc-a14d-4fa639d416c9\">T\u00e9l\u00e9charger<\/a><\/div>\n\n\n\n<div class=\"wp-block-file\"><a id=\"wp-block-file--media-687fd55e-89b3-4d6c-a03d-322dcdc2a863\" href=\"https:\/\/cis-h.fr\/AGRAF\/wp-content\/uploads\/2024\/01\/Autodidaxie-Cibles-no-34-1996.pdf\"><strong>Autodidaxie-Cibles-no-34-1996<\/strong><\/a><a href=\"https:\/\/cis-h.fr\/AGRAF\/wp-content\/uploads\/2024\/01\/Autodidaxie-Cibles-no-34-1996.pdf\" class=\"wp-block-file__button wp-element-button\" download aria-describedby=\"wp-block-file--media-687fd55e-89b3-4d6c-a03d-322dcdc2a863\">T\u00e9l\u00e9charger<\/a><\/div>\n\n\n\n<p>GRAF &#8211; productions 1996-1999<\/p>\n\n\n\n<p><\/p>\n\n\n\n<p><\/p>\n\n\n\n<p><\/p>\n","protected":false},"excerpt":{"rendered":"<p> GRAF-Productions-1992-1995T\u00e9l\u00e9charger Autodidaxie-Cibles-no-34-1996T\u00e9l\u00e9charger <\/p>\n<p>GRAF &#8211; productions 1996-1999<\/p>\n<\/p>\n<\/p>\n<p> [&#8230;]<\/p>\n","protected":false},"author":1,"featured_media":0,"parent":0,"menu_order":0,"comment_status":"closed","ping_status":"open","template":"","meta":{"footnotes":""},"class_list":["post-2","page","type-page","status-publish","hentry","odd"],"_links":{"self":[{"href":"https:\/\/cis-h.fr\/AGRAF\/wp-json\/wp\/v2\/pages\/2","targetHints":{"allow":["GET"]}}],"collection":[{"href":"https:\/\/cis-h.fr\/AGRAF\/wp-json\/wp\/v2\/pages"}],"about":[{"href":"https:\/\/cis-h.fr\/AGRAF\/wp-json\/wp\/v2\/types\/page"}],"author":[{"embeddable":true,"href":"https:\/\/cis-h.fr\/AGRAF\/wp-json\/wp\/v2\/users\/1"}],"replies":[{"embeddable":true,"href":"https:\/\/cis-h.fr\/AGRAF\/wp-json\/wp\/v2\/comments?post=2"}],"version-history":[{"count":3,"href":"https:\/\/cis-h.fr\/AGRAF\/wp-json\/wp\/v2\/pages\/2\/revisions"}],"predecessor-version":[{"id":2100,"href":"https:\/\/cis-h.fr\/AGRAF\/wp-json\/wp\/v2\/pages\/2\/revisions\/2100"}],"wp:attachment":[{"href":"https:\/\/cis-h.fr\/AGRAF\/wp-json\/wp\/v2\/media?parent=2"}],"curies":[{"name":"wp","href":"https:\/\/api.w.org\/{rel}","templated":true}]}}